{"id":21953,"date":"2025-06-24T18:18:05","date_gmt":"2025-06-24T21:18:05","guid":{"rendered":"https:\/\/www.ballou.com.ar\/?product=globos-f-cumpleanos-bolsa-x-50-u-2"},"modified":"2025-06-24T18:18:06","modified_gmt":"2025-06-24T21:18:06","slug":"globos-f-cumpleanos-bolsa-x-50-u","status":"publish","type":"product","link":"https:\/\/www.ballou.com.ar\/?product=globos-f-cumpleanos-bolsa-x-50-u","title":{"rendered":"GLOBOS F. CUMPLEA\u00d1OS BOLSA X 50 U."},"content":{"rendered":"<p>GLOBOS F. CUMPLEA\u00d1OS BOLSA X 50 U.","protected":false},"excerpt":{"rendered":"<p>GLOBOS F. CUMPLEA\u00d1OS BOLSA X 50 U.<\/p>\n","protected":false},"featured_media":0,"template":"","meta":{"_joinchat":[]},"product_brand":[],"product_cat":[278],"product_tag":[],"class_list":{"0":"post-21953","1":"product","2":"type-product","3":"status-publish","5":"product_cat-globos","7":"first","8":"instock","9":"purchasable","10":"product-type-simple"},"_links":{"self":[{"href":"https:\/\/www.ballou.com.ar\/index.php?rest_route=\/wp\/v2\/product\/21953","targetHints":{"allow":["GET"]}}],"collection":[{"href":"https:\/\/www.ballou.com.ar\/index.php?rest_route=\/wp\/v2\/product"}],"about":[{"href":"https:\/\/www.ballou.com.ar\/index.php?rest_route=\/wp\/v2\/types\/product"}],"wp:attachment":[{"href":"https:\/\/www.ballou.com.ar\/index.php?rest_route=%2Fwp%2Fv2%2Fmedia&parent=21953"}],"wp:term":[{"taxonomy":"product_brand","embeddable":true,"href":"https:\/\/www.ballou.com.ar\/index.php?rest_route=%2Fwp%2Fv2%2Fproduct_brand&post=21953"},{"taxonomy":"product_cat","embeddable":true,"href":"https:\/\/www.ballou.com.ar\/index.php?rest_route=%2Fwp%2Fv2%2Fproduct_cat&post=21953"},{"taxonomy":"product_tag","embeddable":true,"href":"https:\/\/www.ballou.com.ar\/index.php?rest_route=%2Fwp%2Fv2%2Fproduct_tag&post=21953"}],"curies":[{"name":"wp","href":"https:\/\/api.w.org\/{rel}","templated":true}]}}