{"id":21730,"date":"2025-09-09T14:16:08","date_gmt":"2025-09-09T17:16:08","guid":{"rendered":"http:\/\/www.ballou.com.ar\/?product=mono-mini-rapido-fant-estrella-x-50-surt"},"modified":"2025-09-09T14:16:14","modified_gmt":"2025-09-09T17:16:14","slug":"mono-mini-rapido-fant-estrella-x-50-surt","status":"publish","type":"product","link":"https:\/\/www.ballou.com.ar\/?product=mono-mini-rapido-fant-estrella-x-50-surt","title":{"rendered":"MO\u00d1O MINI RAPIDO FANT. ESTRELLA X 50 SURT."},"content":{"rendered":"<p>MO\u00d1O MINI RAPIDO FANT. ESTRELLA X 50 SURT.","protected":false},"excerpt":{"rendered":"<p>MO\u00d1O MINI RAPIDO FANT. ESTRELLA X 50 SURT.<\/p>\n","protected":false},"featured_media":0,"template":"","meta":{"_joinchat":[]},"product_brand":[],"product_cat":[465,312,403],"product_tag":[],"class_list":{"0":"post-21730","1":"product","2":"type-product","3":"status-publish","5":"product_cat-mini-x-50","6":"product_cat-mono-rapido","7":"product_cat-rapido-imp","9":"first","10":"instock","11":"purchasable","12":"product-type-simple"},"yoast_head":"<!-- This site is optimized with the Yoast SEO plugin v27.5 - https:\/\/yoast.com\/product\/yoast-seo-wordpress\/ -->\n<title>MO\u00d1O MINI RAPIDO FANT. ESTRELLA X 50 SURT.<\/title>\n<meta name=\"robots\" content=\"index, follow, max-snippet:-1, max-image-preview:large, max-video-preview:-1\" \/>\n<link rel=\"canonical\" href=\"https:\/\/www.ballou.com.ar\/producto\/mono-mini-rapido-fant-estrella-x-50-surt\/\" \/>\n<meta property=\"og:locale\" content=\"es_ES\" \/>\n<meta property=\"og:type\" content=\"article\" \/>\n<meta property=\"og:title\" content=\"[:es]MO\u00d1O MINI RAPIDO FANT. ESTRELLA X 50 SURT.[:en]PRINTED MINI PULLBOW 50 U. - 30 - Ballou\" \/>\n<meta property=\"og:description\" content=\"MO\u00d1O MINI RAPIDO FANT. ESTRELLA X 50 SURT.\" \/>\n<meta property=\"og:url\" content=\"https:\/\/www.ballou.com.ar\/producto\/mono-mini-rapido-fant-estrella-x-50-surt\/\" \/>\n<meta property=\"og:site_name\" content=\"Ballou\" \/>\n<meta property=\"article:modified_time\" content=\"2025-09-09T17:16:14+00:00\" \/>\n<meta name=\"twitter:card\" content=\"summary_large_image\" \/>\n<script type=\"application\/ld+json\" class=\"yoast-schema-graph\">{\"@context\":\"https:\\\/\\\/schema.org\",\"@graph\":[{\"@type\":\"WebPage\",\"@id\":\"https:\\\/\\\/www.ballou.com.ar\\\/producto\\\/mono-mini-rapido-fant-estrella-x-50-surt\\\/\",\"url\":\"https:\\\/\\\/www.ballou.com.ar\\\/producto\\\/mono-mini-rapido-fant-estrella-x-50-surt\\\/\",\"name\":\"[:es]MO\u00d1O MINI RAPIDO FANT. ESTRELLA X 50 SURT.[:en]PRINTED MINI PULLBOW 50 U. - 30 - Ballou\",\"isPartOf\":{\"@id\":\"https:\\\/\\\/www.ballou.com.ar\\\/#website\"},\"datePublished\":\"2025-09-09T17:16:08+00:00\",\"dateModified\":\"2025-09-09T17:16:14+00:00\",\"breadcrumb\":{\"@id\":\"https:\\\/\\\/www.ballou.com.ar\\\/producto\\\/mono-mini-rapido-fant-estrella-x-50-surt\\\/#breadcrumb\"},\"inLanguage\":\"es\",\"potentialAction\":[{\"@type\":\"ReadAction\",\"target\":[\"https:\\\/\\\/www.ballou.com.ar\\\/producto\\\/mono-mini-rapido-fant-estrella-x-50-surt\\\/\"]}]},{\"@type\":\"BreadcrumbList\",\"@id\":\"https:\\\/\\\/www.ballou.com.ar\\\/producto\\\/mono-mini-rapido-fant-estrella-x-50-surt\\\/#breadcrumb\",\"itemListElement\":[{\"@type\":\"ListItem\",\"position\":1,\"name\":\"Portada\",\"item\":\"https:\\\/\\\/www.ballou.com.ar\\\/\"},{\"@type\":\"ListItem\",\"position\":2,\"name\":\"Tienda\",\"item\":\"https:\\\/\\\/www.ballou.com.ar\\\/?page_id=21\"},{\"@type\":\"ListItem\",\"position\":3,\"name\":\"MO\u00d1O MINI RAPIDO FANT. ESTRELLA X 50 SURT.\"}]},{\"@type\":\"WebSite\",\"@id\":\"https:\\\/\\\/www.ballou.com.ar\\\/#website\",\"url\":\"https:\\\/\\\/www.ballou.com.ar\\\/\",\"name\":\"Ballou\",\"description\":\"Deco Novelty SA.\",\"potentialAction\":[{\"@type\":\"SearchAction\",\"target\":{\"@type\":\"EntryPoint\",\"urlTemplate\":\"https:\\\/\\\/www.ballou.com.ar\\\/?s={search_term_string}\"},\"query-input\":{\"@type\":\"PropertyValueSpecification\",\"valueRequired\":true,\"valueName\":\"search_term_string\"}}],\"inLanguage\":\"es\"}]}<\/script>\n<!-- \/ Yoast SEO plugin. -->","yoast_head_json":{"title":"[:es]MO\u00d1O MINI RAPIDO FANT. ESTRELLA X 50 SURT.[:en]PRINTED MINI PULLBOW 50 U. - 30 - Ballou","robots":{"index":"index","follow":"follow","max-snippet":"max-snippet:-1","max-image-preview":"max-image-preview:large","max-video-preview":"max-video-preview:-1"},"canonical":"https:\/\/www.ballou.com.ar\/producto\/mono-mini-rapido-fant-estrella-x-50-surt\/","og_locale":"es_ES","og_type":"article","og_title":"[:es]MO\u00d1O MINI RAPIDO FANT. ESTRELLA X 50 SURT.[:en]PRINTED MINI PULLBOW 50 U. - 30 - Ballou","og_description":"MO\u00d1O MINI RAPIDO FANT. ESTRELLA X 50 SURT.","og_url":"https:\/\/www.ballou.com.ar\/producto\/mono-mini-rapido-fant-estrella-x-50-surt\/","og_site_name":"Ballou","article_modified_time":"2025-09-09T17:16:14+00:00","twitter_card":"summary_large_image","schema":{"@context":"https:\/\/schema.org","@graph":[{"@type":"WebPage","@id":"https:\/\/www.ballou.com.ar\/producto\/mono-mini-rapido-fant-estrella-x-50-surt\/","url":"https:\/\/www.ballou.com.ar\/producto\/mono-mini-rapido-fant-estrella-x-50-surt\/","name":"[:es]MO\u00d1O MINI RAPIDO FANT. ESTRELLA X 50 SURT.[:en]PRINTED MINI PULLBOW 50 U. - 30 - Ballou","isPartOf":{"@id":"https:\/\/www.ballou.com.ar\/#website"},"datePublished":"2025-09-09T17:16:08+00:00","dateModified":"2025-09-09T17:16:14+00:00","breadcrumb":{"@id":"https:\/\/www.ballou.com.ar\/producto\/mono-mini-rapido-fant-estrella-x-50-surt\/#breadcrumb"},"inLanguage":"es","potentialAction":[{"@type":"ReadAction","target":["https:\/\/www.ballou.com.ar\/producto\/mono-mini-rapido-fant-estrella-x-50-surt\/"]}]},{"@type":"BreadcrumbList","@id":"https:\/\/www.ballou.com.ar\/producto\/mono-mini-rapido-fant-estrella-x-50-surt\/#breadcrumb","itemListElement":[{"@type":"ListItem","position":1,"name":"Portada","item":"https:\/\/www.ballou.com.ar\/"},{"@type":"ListItem","position":2,"name":"Tienda","item":"https:\/\/www.ballou.com.ar\/?page_id=21"},{"@type":"ListItem","position":3,"name":"MO\u00d1O MINI RAPIDO FANT. ESTRELLA X 50 SURT."}]},{"@type":"WebSite","@id":"https:\/\/www.ballou.com.ar\/#website","url":"https:\/\/www.ballou.com.ar\/","name":"Ballou","description":"Deco Novelty SA.","potentialAction":[{"@type":"SearchAction","target":{"@type":"EntryPoint","urlTemplate":"https:\/\/www.ballou.com.ar\/?s={search_term_string}"},"query-input":{"@type":"PropertyValueSpecification","valueRequired":true,"valueName":"search_term_string"}}],"inLanguage":"es"}]}},"_links":{"self":[{"href":"https:\/\/www.ballou.com.ar\/index.php?rest_route=\/wp\/v2\/product\/21730","targetHints":{"allow":["GET"]}}],"collection":[{"href":"https:\/\/www.ballou.com.ar\/index.php?rest_route=\/wp\/v2\/product"}],"about":[{"href":"https:\/\/www.ballou.com.ar\/index.php?rest_route=\/wp\/v2\/types\/product"}],"wp:attachment":[{"href":"https:\/\/www.ballou.com.ar\/index.php?rest_route=%2Fwp%2Fv2%2Fmedia&parent=21730"}],"wp:term":[{"taxonomy":"product_brand","embeddable":true,"href":"https:\/\/www.ballou.com.ar\/index.php?rest_route=%2Fwp%2Fv2%2Fproduct_brand&post=21730"},{"taxonomy":"product_cat","embeddable":true,"href":"https:\/\/www.ballou.com.ar\/index.php?rest_route=%2Fwp%2Fv2%2Fproduct_cat&post=21730"},{"taxonomy":"product_tag","embeddable":true,"href":"https:\/\/www.ballou.com.ar\/index.php?rest_route=%2Fwp%2Fv2%2Fproduct_tag&post=21730"}],"curies":[{"name":"wp","href":"https:\/\/api.w.org\/{rel}","templated":true}]}}