{"id":21070,"date":"2025-09-09T14:19:57","date_gmt":"2025-09-09T17:19:57","guid":{"rendered":"http:\/\/www.ballou.com.ar\/?product=mono-de-novia-liso-econom-esp-x-1-u-blanco"},"modified":"2025-09-09T14:20:05","modified_gmt":"2025-09-09T17:20:05","slug":"mono-de-novia-liso-econom-esp-x-1-u-blanco","status":"publish","type":"product","link":"https:\/\/www.ballou.com.ar\/?product=mono-de-novia-liso-econom-esp-x-1-u-blanco","title":{"rendered":"MO\u00d1O DE NOVIA LISO ECONOM ESP  X 1 U. BLANCO"},"content":{"rendered":"<p>MO\u00d1O DE NOVIA LISO ECONOM ESP  X 1 U. BLANCO","protected":false},"excerpt":{"rendered":"<p>MO\u00d1O DE NOVIA LISO ECONOM ESP X 1 U. BLANCO<\/p>\n","protected":false},"featured_media":8559,"template":"","meta":{"_joinchat":[]},"product_brand":[],"product_cat":[535,534,513],"product_tag":[],"class_list":{"0":"post-21070","1":"product","2":"type-product","3":"status-publish","4":"has-post-thumbnail","6":"product_cat-english-plain-b","7":"product_cat-liso-mono-novia-2","8":"product_cat-mono-novia","10":"first","11":"instock","12":"purchasable","13":"product-type-simple"},"_links":{"self":[{"href":"https:\/\/www.ballou.com.ar\/index.php?rest_route=\/wp\/v2\/product\/21070","targetHints":{"allow":["GET"]}}],"collection":[{"href":"https:\/\/www.ballou.com.ar\/index.php?rest_route=\/wp\/v2\/product"}],"about":[{"href":"https:\/\/www.ballou.com.ar\/index.php?rest_route=\/wp\/v2\/types\/product"}],"wp:featuredmedia":[{"embeddable":true,"href":"https:\/\/www.ballou.com.ar\/index.php?rest_route=\/wp\/v2\/media\/8559"}],"wp:attachment":[{"href":"https:\/\/www.ballou.com.ar\/index.php?rest_route=%2Fwp%2Fv2%2Fmedia&parent=21070"}],"wp:term":[{"taxonomy":"product_brand","embeddable":true,"href":"https:\/\/www.ballou.com.ar\/index.php?rest_route=%2Fwp%2Fv2%2Fproduct_brand&post=21070"},{"taxonomy":"product_cat","embeddable":true,"href":"https:\/\/www.ballou.com.ar\/index.php?rest_route=%2Fwp%2Fv2%2Fproduct_cat&post=21070"},{"taxonomy":"product_tag","embeddable":true,"href":"https:\/\/www.ballou.com.ar\/index.php?rest_route=%2Fwp%2Fv2%2Fproduct_tag&post=21070"}],"curies":[{"name":"wp","href":"https:\/\/api.w.org\/{rel}","templated":true}]}}