{"id":21005,"date":"2025-09-09T14:19:25","date_gmt":"2025-09-09T17:19:25","guid":{"rendered":"http:\/\/www.ballou.com.ar\/?product=mono-grande-liso-bolsa-x-6-u-rosa-paq-x-18u"},"modified":"2025-09-09T14:19:29","modified_gmt":"2025-09-09T17:19:29","slug":"mono-grande-liso-bolsa-x-6-u-rosa","status":"publish","type":"product","link":"https:\/\/www.ballou.com.ar\/?product=mono-grande-liso-bolsa-x-6-u-rosa","title":{"rendered":"MO\u00d1O GRANDE LISO BOLSA X 6 U. &#8211; ROSA"},"content":{"rendered":"<p>MO\u00d1O GRANDE LISO BOLSA X 6 U. &#8211; ROSA","protected":false},"excerpt":{"rendered":"<p>MO\u00d1O GRANDE LISO BOLSA X 6 U. &#8211; ROSA<\/p>\n","protected":false},"featured_media":23444,"template":"","meta":{"_joinchat":[]},"product_brand":[],"product_cat":[289,335,279],"product_tag":[],"class_list":{"0":"post-21005","1":"product","2":"type-product","3":"status-publish","4":"has-post-thumbnail","6":"product_cat-estrella-liso","7":"product_cat-gde-estrella-liso","8":"product_cat-mono","10":"first","11":"instock","12":"purchasable","13":"product-type-simple"},"_links":{"self":[{"href":"https:\/\/www.ballou.com.ar\/index.php?rest_route=\/wp\/v2\/product\/21005","targetHints":{"allow":["GET"]}}],"collection":[{"href":"https:\/\/www.ballou.com.ar\/index.php?rest_route=\/wp\/v2\/product"}],"about":[{"href":"https:\/\/www.ballou.com.ar\/index.php?rest_route=\/wp\/v2\/types\/product"}],"wp:featuredmedia":[{"embeddable":true,"href":"https:\/\/www.ballou.com.ar\/index.php?rest_route=\/wp\/v2\/media\/23444"}],"wp:attachment":[{"href":"https:\/\/www.ballou.com.ar\/index.php?rest_route=%2Fwp%2Fv2%2Fmedia&parent=21005"}],"wp:term":[{"taxonomy":"product_brand","embeddable":true,"href":"https:\/\/www.ballou.com.ar\/index.php?rest_route=%2Fwp%2Fv2%2Fproduct_brand&post=21005"},{"taxonomy":"product_cat","embeddable":true,"href":"https:\/\/www.ballou.com.ar\/index.php?rest_route=%2Fwp%2Fv2%2Fproduct_cat&post=21005"},{"taxonomy":"product_tag","embeddable":true,"href":"https:\/\/www.ballou.com.ar\/index.php?rest_route=%2Fwp%2Fv2%2Fproduct_tag&post=21005"}],"curies":[{"name":"wp","href":"https:\/\/api.w.org\/{rel}","templated":true}]}}