{"id":20864,"date":"2025-09-09T14:18:09","date_gmt":"2025-09-09T17:18:09","guid":{"rendered":"http:\/\/www.ballou.com.ar\/?product=mono-mini-rapido-liso-x-50-u-blanco"},"modified":"2025-09-09T14:18:16","modified_gmt":"2025-09-09T17:18:16","slug":"mono-mini-rapido-liso-x-50-u-blanco","status":"publish","type":"product","link":"https:\/\/www.ballou.com.ar\/?product=mono-mini-rapido-liso-x-50-u-blanco","title":{"rendered":"MO\u00d1O MINI RAPIDO LISO X 50 U. BLANCO"},"content":{"rendered":"<p>MO\u00d1O MINI RAPIDO LISO X 50 U. BLANCO","protected":false},"excerpt":{"rendered":"<p>MO\u00d1O MINI RAPIDO LISO X 50 U. BLANCO<\/p>\n","protected":false},"featured_media":8116,"template":"","meta":{"_joinchat":[]},"product_brand":[],"product_cat":[322,312,313],"product_tag":[],"class_list":{"0":"post-20864","1":"product","2":"type-product","3":"status-publish","4":"has-post-thumbnail","6":"product_cat-mini-rapido-liso","7":"product_cat-mono-rapido","8":"product_cat-rapido-liso","10":"first","11":"instock","12":"purchasable","13":"product-type-simple"},"_links":{"self":[{"href":"https:\/\/www.ballou.com.ar\/index.php?rest_route=\/wp\/v2\/product\/20864","targetHints":{"allow":["GET"]}}],"collection":[{"href":"https:\/\/www.ballou.com.ar\/index.php?rest_route=\/wp\/v2\/product"}],"about":[{"href":"https:\/\/www.ballou.com.ar\/index.php?rest_route=\/wp\/v2\/types\/product"}],"wp:featuredmedia":[{"embeddable":true,"href":"https:\/\/www.ballou.com.ar\/index.php?rest_route=\/wp\/v2\/media\/8116"}],"wp:attachment":[{"href":"https:\/\/www.ballou.com.ar\/index.php?rest_route=%2Fwp%2Fv2%2Fmedia&parent=20864"}],"wp:term":[{"taxonomy":"product_brand","embeddable":true,"href":"https:\/\/www.ballou.com.ar\/index.php?rest_route=%2Fwp%2Fv2%2Fproduct_brand&post=20864"},{"taxonomy":"product_cat","embeddable":true,"href":"https:\/\/www.ballou.com.ar\/index.php?rest_route=%2Fwp%2Fv2%2Fproduct_cat&post=20864"},{"taxonomy":"product_tag","embeddable":true,"href":"https:\/\/www.ballou.com.ar\/index.php?rest_route=%2Fwp%2Fv2%2Fproduct_tag&post=20864"}],"curies":[{"name":"wp","href":"https:\/\/api.w.org\/{rel}","templated":true}]}}