{"id":20757,"date":"2025-09-09T14:17:20","date_gmt":"2025-09-09T17:17:20","guid":{"rendered":"http:\/\/www.ballou.com.ar\/?product=mono-mini-liso-bolsa-x-100-u-verde-pino-paq-x-15u"},"modified":"2025-09-09T14:17:22","modified_gmt":"2025-09-09T17:17:22","slug":"mono-mini-liso-bolsa-x-100-u-verde-pino","status":"publish","type":"product","link":"https:\/\/www.ballou.com.ar\/?product=mono-mini-liso-bolsa-x-100-u-verde-pino","title":{"rendered":"MO\u00d1O MINI LISO BOLSA X 100 U. VERDE PINO"},"content":{"rendered":"<p>MO\u00d1O MINI LISO BOLSA X 100 U. VERDE PINO","protected":false},"excerpt":{"rendered":"<p>MO\u00d1O MINI LISO BOLSA X 100 U. VERDE PINO<\/p>\n","protected":false},"featured_media":23347,"template":"","meta":{"_joinchat":[]},"product_brand":[],"product_cat":[289,310,279,361],"product_tag":[],"class_list":{"0":"post-20757","1":"product","2":"type-product","3":"status-publish","4":"has-post-thumbnail","6":"product_cat-estrella-liso","7":"product_cat-mini","8":"product_cat-mono","9":"product_cat-x-100-u","11":"first","12":"instock","13":"purchasable","14":"product-type-simple"},"_links":{"self":[{"href":"https:\/\/www.ballou.com.ar\/index.php?rest_route=\/wp\/v2\/product\/20757","targetHints":{"allow":["GET"]}}],"collection":[{"href":"https:\/\/www.ballou.com.ar\/index.php?rest_route=\/wp\/v2\/product"}],"about":[{"href":"https:\/\/www.ballou.com.ar\/index.php?rest_route=\/wp\/v2\/types\/product"}],"wp:featuredmedia":[{"embeddable":true,"href":"https:\/\/www.ballou.com.ar\/index.php?rest_route=\/wp\/v2\/media\/23347"}],"wp:attachment":[{"href":"https:\/\/www.ballou.com.ar\/index.php?rest_route=%2Fwp%2Fv2%2Fmedia&parent=20757"}],"wp:term":[{"taxonomy":"product_brand","embeddable":true,"href":"https:\/\/www.ballou.com.ar\/index.php?rest_route=%2Fwp%2Fv2%2Fproduct_brand&post=20757"},{"taxonomy":"product_cat","embeddable":true,"href":"https:\/\/www.ballou.com.ar\/index.php?rest_route=%2Fwp%2Fv2%2Fproduct_cat&post=20757"},{"taxonomy":"product_tag","embeddable":true,"href":"https:\/\/www.ballou.com.ar\/index.php?rest_route=%2Fwp%2Fv2%2Fproduct_tag&post=20757"}],"curies":[{"name":"wp","href":"https:\/\/api.w.org\/{rel}","templated":true}]}}