{"id":20716,"date":"2025-09-09T14:16:54","date_gmt":"2025-09-09T17:16:54","guid":{"rendered":"http:\/\/www.ballou.com.ar\/?product=mono-micromini-liso-bolsa-x-100-u-verde-claro-paq-x-15u"},"modified":"2025-09-09T14:17:00","modified_gmt":"2025-09-09T17:17:00","slug":"mono-micromini-liso-bolsa-x-100-u-verde-claro","status":"publish","type":"product","link":"https:\/\/www.ballou.com.ar\/?product=mono-micromini-liso-bolsa-x-100-u-verde-claro","title":{"rendered":"MO\u00d1O MICROMINI LISO BOLSA X 100 U. &#8211; VERDE CLARO"},"content":{"rendered":"<p>MO\u00d1O MICROMINI LISO BOLSA X 100 U. &#8211; VERDE CLARO","protected":false},"excerpt":{"rendered":"<p>MO\u00d1O MICROMINI LISO BOLSA X 100 U. &#8211; VERDE CLARO<\/p>\n","protected":false},"featured_media":23316,"template":"","meta":{"_joinchat":[]},"product_brand":[],"product_cat":[289,290,279,321],"product_tag":[],"class_list":{"0":"post-20716","1":"product","2":"type-product","3":"status-publish","4":"has-post-thumbnail","6":"product_cat-estrella-liso","7":"product_cat-micro","8":"product_cat-mono","9":"product_cat-x-100","11":"first","12":"instock","13":"purchasable","14":"product-type-simple"},"_links":{"self":[{"href":"https:\/\/www.ballou.com.ar\/index.php?rest_route=\/wp\/v2\/product\/20716","targetHints":{"allow":["GET"]}}],"collection":[{"href":"https:\/\/www.ballou.com.ar\/index.php?rest_route=\/wp\/v2\/product"}],"about":[{"href":"https:\/\/www.ballou.com.ar\/index.php?rest_route=\/wp\/v2\/types\/product"}],"wp:featuredmedia":[{"embeddable":true,"href":"https:\/\/www.ballou.com.ar\/index.php?rest_route=\/wp\/v2\/media\/23316"}],"wp:attachment":[{"href":"https:\/\/www.ballou.com.ar\/index.php?rest_route=%2Fwp%2Fv2%2Fmedia&parent=20716"}],"wp:term":[{"taxonomy":"product_brand","embeddable":true,"href":"https:\/\/www.ballou.com.ar\/index.php?rest_route=%2Fwp%2Fv2%2Fproduct_brand&post=20716"},{"taxonomy":"product_cat","embeddable":true,"href":"https:\/\/www.ballou.com.ar\/index.php?rest_route=%2Fwp%2Fv2%2Fproduct_cat&post=20716"},{"taxonomy":"product_tag","embeddable":true,"href":"https:\/\/www.ballou.com.ar\/index.php?rest_route=%2Fwp%2Fv2%2Fproduct_tag&post=20716"}],"curies":[{"name":"wp","href":"https:\/\/api.w.org\/{rel}","templated":true}]}}