{"id":20398,"date":"2025-09-09T14:14:10","date_gmt":"2025-09-09T17:14:10","guid":{"rendered":"http:\/\/www.ballou.com.ar\/?product=mono-micromini-liso-bolsa-x-50-u-naranja-paq-x-15u"},"modified":"2025-09-09T14:14:12","modified_gmt":"2025-09-09T17:14:12","slug":"mono-micromini-liso-bolsa-x-50-u-naranja","status":"publish","type":"product","link":"https:\/\/www.ballou.com.ar\/?product=mono-micromini-liso-bolsa-x-50-u-naranja","title":{"rendered":"MO\u00d1O MICROMINI LISO BOLSA X 50 U. NARANJA"},"content":{"rendered":"<p>MO\u00d1O MICROMINI LISO BOLSA X 50 U. NARANJA","protected":false},"excerpt":{"rendered":"<p>MO\u00d1O MICROMINI LISO BOLSA X 50 U. NARANJA<\/p>\n","protected":false},"featured_media":23100,"template":"","meta":{"_joinchat":[]},"product_brand":[],"product_cat":[289,290,279,307],"product_tag":[],"class_list":{"0":"post-20398","1":"product","2":"type-product","3":"status-publish","4":"has-post-thumbnail","6":"product_cat-estrella-liso","7":"product_cat-micro","8":"product_cat-mono","9":"product_cat-x-50","11":"first","12":"instock","13":"purchasable","14":"product-type-simple"},"yoast_head":"<!-- This site is optimized with the Yoast SEO plugin v27.5 - https:\/\/yoast.com\/product\/yoast-seo-wordpress\/ -->\n<title>MO\u00d1O MICROMINI LISO BOLSA X 50 U. NARANJA<\/title>\n<meta name=\"robots\" content=\"index, follow, max-snippet:-1, max-image-preview:large, max-video-preview:-1\" \/>\n<link rel=\"canonical\" href=\"https:\/\/www.ballou.com.ar\/producto\/mono-micromini-liso-bolsa-x-50-u-naranja\/\" \/>\n<meta property=\"og:locale\" content=\"es_ES\" \/>\n<meta property=\"og:type\" content=\"article\" \/>\n<meta property=\"og:title\" content=\"[:es]MO\u00d1O MICROMINI LISO BOLSA X 50 U. NARANJA[:en]PLAIN MICROMINI STARBOW 50 U. - ORANGE - Ballou\" \/>\n<meta property=\"og:description\" content=\"MO\u00d1O MICROMINI LISO BOLSA X 50 U. NARANJA\" \/>\n<meta property=\"og:url\" content=\"https:\/\/www.ballou.com.ar\/producto\/mono-micromini-liso-bolsa-x-50-u-naranja\/\" \/>\n<meta property=\"og:site_name\" content=\"Ballou\" \/>\n<meta property=\"article:modified_time\" content=\"2025-09-09T17:14:12+00:00\" \/>\n<meta property=\"og:image\" content=\"https:\/\/www.ballou.com.ar\/wp-content\/uploads\/2022\/08\/M078.05.jpg\" \/>\n\t<meta property=\"og:image:width\" content=\"425\" \/>\n\t<meta property=\"og:image:height\" content=\"282\" \/>\n\t<meta property=\"og:image:type\" content=\"image\/jpeg\" \/>\n<meta name=\"twitter:card\" content=\"summary_large_image\" \/>\n<script type=\"application\/ld+json\" class=\"yoast-schema-graph\">{\"@context\":\"https:\\\/\\\/schema.org\",\"@graph\":[{\"@type\":\"WebPage\",\"@id\":\"https:\\\/\\\/www.ballou.com.ar\\\/producto\\\/mono-micromini-liso-bolsa-x-50-u-naranja\\\/\",\"url\":\"https:\\\/\\\/www.ballou.com.ar\\\/producto\\\/mono-micromini-liso-bolsa-x-50-u-naranja\\\/\",\"name\":\"[:es]MO\u00d1O MICROMINI LISO BOLSA X 50 U. NARANJA[:en]PLAIN MICROMINI STARBOW 50 U. - ORANGE - Ballou\",\"isPartOf\":{\"@id\":\"https:\\\/\\\/www.ballou.com.ar\\\/#website\"},\"primaryImageOfPage\":{\"@id\":\"https:\\\/\\\/www.ballou.com.ar\\\/producto\\\/mono-micromini-liso-bolsa-x-50-u-naranja\\\/#primaryimage\"},\"image\":{\"@id\":\"https:\\\/\\\/www.ballou.com.ar\\\/producto\\\/mono-micromini-liso-bolsa-x-50-u-naranja\\\/#primaryimage\"},\"thumbnailUrl\":\"https:\\\/\\\/www.ballou.com.ar\\\/wp-content\\\/uploads\\\/2022\\\/08\\\/M078.05.jpg\",\"datePublished\":\"2025-09-09T17:14:10+00:00\",\"dateModified\":\"2025-09-09T17:14:12+00:00\",\"breadcrumb\":{\"@id\":\"https:\\\/\\\/www.ballou.com.ar\\\/producto\\\/mono-micromini-liso-bolsa-x-50-u-naranja\\\/#breadcrumb\"},\"inLanguage\":\"es\",\"potentialAction\":[{\"@type\":\"ReadAction\",\"target\":[\"https:\\\/\\\/www.ballou.com.ar\\\/producto\\\/mono-micromini-liso-bolsa-x-50-u-naranja\\\/\"]}]},{\"@type\":\"ImageObject\",\"inLanguage\":\"es\",\"@id\":\"https:\\\/\\\/www.ballou.com.ar\\\/producto\\\/mono-micromini-liso-bolsa-x-50-u-naranja\\\/#primaryimage\",\"url\":\"https:\\\/\\\/www.ballou.com.ar\\\/wp-content\\\/uploads\\\/2022\\\/08\\\/M078.05.jpg\",\"contentUrl\":\"https:\\\/\\\/www.ballou.com.ar\\\/wp-content\\\/uploads\\\/2022\\\/08\\\/M078.05.jpg\",\"width\":425,\"height\":282},{\"@type\":\"BreadcrumbList\",\"@id\":\"https:\\\/\\\/www.ballou.com.ar\\\/producto\\\/mono-micromini-liso-bolsa-x-50-u-naranja\\\/#breadcrumb\",\"itemListElement\":[{\"@type\":\"ListItem\",\"position\":1,\"name\":\"Portada\",\"item\":\"https:\\\/\\\/www.ballou.com.ar\\\/\"},{\"@type\":\"ListItem\",\"position\":2,\"name\":\"Tienda\",\"item\":\"https:\\\/\\\/www.ballou.com.ar\\\/?page_id=21\"},{\"@type\":\"ListItem\",\"position\":3,\"name\":\"MO\u00d1O MICROMINI LISO BOLSA X 50 U. NARANJA\"}]},{\"@type\":\"WebSite\",\"@id\":\"https:\\\/\\\/www.ballou.com.ar\\\/#website\",\"url\":\"https:\\\/\\\/www.ballou.com.ar\\\/\",\"name\":\"Ballou\",\"description\":\"Deco Novelty SA.\",\"potentialAction\":[{\"@type\":\"SearchAction\",\"target\":{\"@type\":\"EntryPoint\",\"urlTemplate\":\"https:\\\/\\\/www.ballou.com.ar\\\/?s={search_term_string}\"},\"query-input\":{\"@type\":\"PropertyValueSpecification\",\"valueRequired\":true,\"valueName\":\"search_term_string\"}}],\"inLanguage\":\"es\"}]}<\/script>\n<!-- \/ Yoast SEO plugin. -->","yoast_head_json":{"title":"[:es]MO\u00d1O MICROMINI LISO BOLSA X 50 U. NARANJA[:en]PLAIN MICROMINI STARBOW 50 U. - ORANGE - Ballou","robots":{"index":"index","follow":"follow","max-snippet":"max-snippet:-1","max-image-preview":"max-image-preview:large","max-video-preview":"max-video-preview:-1"},"canonical":"https:\/\/www.ballou.com.ar\/producto\/mono-micromini-liso-bolsa-x-50-u-naranja\/","og_locale":"es_ES","og_type":"article","og_title":"[:es]MO\u00d1O MICROMINI LISO BOLSA X 50 U. NARANJA[:en]PLAIN MICROMINI STARBOW 50 U. - ORANGE - Ballou","og_description":"MO\u00d1O MICROMINI LISO BOLSA X 50 U. NARANJA","og_url":"https:\/\/www.ballou.com.ar\/producto\/mono-micromini-liso-bolsa-x-50-u-naranja\/","og_site_name":"Ballou","article_modified_time":"2025-09-09T17:14:12+00:00","og_image":[{"width":425,"height":282,"url":"https:\/\/www.ballou.com.ar\/wp-content\/uploads\/2022\/08\/M078.05.jpg","type":"image\/jpeg"}],"twitter_card":"summary_large_image","schema":{"@context":"https:\/\/schema.org","@graph":[{"@type":"WebPage","@id":"https:\/\/www.ballou.com.ar\/producto\/mono-micromini-liso-bolsa-x-50-u-naranja\/","url":"https:\/\/www.ballou.com.ar\/producto\/mono-micromini-liso-bolsa-x-50-u-naranja\/","name":"[:es]MO\u00d1O MICROMINI LISO BOLSA X 50 U. NARANJA[:en]PLAIN MICROMINI STARBOW 50 U. - ORANGE - Ballou","isPartOf":{"@id":"https:\/\/www.ballou.com.ar\/#website"},"primaryImageOfPage":{"@id":"https:\/\/www.ballou.com.ar\/producto\/mono-micromini-liso-bolsa-x-50-u-naranja\/#primaryimage"},"image":{"@id":"https:\/\/www.ballou.com.ar\/producto\/mono-micromini-liso-bolsa-x-50-u-naranja\/#primaryimage"},"thumbnailUrl":"https:\/\/www.ballou.com.ar\/wp-content\/uploads\/2022\/08\/M078.05.jpg","datePublished":"2025-09-09T17:14:10+00:00","dateModified":"2025-09-09T17:14:12+00:00","breadcrumb":{"@id":"https:\/\/www.ballou.com.ar\/producto\/mono-micromini-liso-bolsa-x-50-u-naranja\/#breadcrumb"},"inLanguage":"es","potentialAction":[{"@type":"ReadAction","target":["https:\/\/www.ballou.com.ar\/producto\/mono-micromini-liso-bolsa-x-50-u-naranja\/"]}]},{"@type":"ImageObject","inLanguage":"es","@id":"https:\/\/www.ballou.com.ar\/producto\/mono-micromini-liso-bolsa-x-50-u-naranja\/#primaryimage","url":"https:\/\/www.ballou.com.ar\/wp-content\/uploads\/2022\/08\/M078.05.jpg","contentUrl":"https:\/\/www.ballou.com.ar\/wp-content\/uploads\/2022\/08\/M078.05.jpg","width":425,"height":282},{"@type":"BreadcrumbList","@id":"https:\/\/www.ballou.com.ar\/producto\/mono-micromini-liso-bolsa-x-50-u-naranja\/#breadcrumb","itemListElement":[{"@type":"ListItem","position":1,"name":"Portada","item":"https:\/\/www.ballou.com.ar\/"},{"@type":"ListItem","position":2,"name":"Tienda","item":"https:\/\/www.ballou.com.ar\/?page_id=21"},{"@type":"ListItem","position":3,"name":"MO\u00d1O MICROMINI LISO BOLSA X 50 U. NARANJA"}]},{"@type":"WebSite","@id":"https:\/\/www.ballou.com.ar\/#website","url":"https:\/\/www.ballou.com.ar\/","name":"Ballou","description":"Deco Novelty SA.","potentialAction":[{"@type":"SearchAction","target":{"@type":"EntryPoint","urlTemplate":"https:\/\/www.ballou.com.ar\/?s={search_term_string}"},"query-input":{"@type":"PropertyValueSpecification","valueRequired":true,"valueName":"search_term_string"}}],"inLanguage":"es"}]}},"_links":{"self":[{"href":"https:\/\/www.ballou.com.ar\/index.php?rest_route=\/wp\/v2\/product\/20398","targetHints":{"allow":["GET"]}}],"collection":[{"href":"https:\/\/www.ballou.com.ar\/index.php?rest_route=\/wp\/v2\/product"}],"about":[{"href":"https:\/\/www.ballou.com.ar\/index.php?rest_route=\/wp\/v2\/types\/product"}],"wp:featuredmedia":[{"embeddable":true,"href":"https:\/\/www.ballou.com.ar\/index.php?rest_route=\/wp\/v2\/media\/23100"}],"wp:attachment":[{"href":"https:\/\/www.ballou.com.ar\/index.php?rest_route=%2Fwp%2Fv2%2Fmedia&parent=20398"}],"wp:term":[{"taxonomy":"product_brand","embeddable":true,"href":"https:\/\/www.ballou.com.ar\/index.php?rest_route=%2Fwp%2Fv2%2Fproduct_brand&post=20398"},{"taxonomy":"product_cat","embeddable":true,"href":"https:\/\/www.ballou.com.ar\/index.php?rest_route=%2Fwp%2Fv2%2Fproduct_cat&post=20398"},{"taxonomy":"product_tag","embeddable":true,"href":"https:\/\/www.ballou.com.ar\/index.php?rest_route=%2Fwp%2Fv2%2Fproduct_tag&post=20398"}],"curies":[{"name":"wp","href":"https:\/\/api.w.org\/{rel}","templated":true}]}}