{"id":20366,"date":"2025-06-24T18:20:15","date_gmt":"2025-06-24T21:20:15","guid":{"rendered":"http:\/\/www.ballou.com.ar\/?product=mono-de-novia-liso-c-x-1-u-crema"},"modified":"2025-06-24T18:20:18","modified_gmt":"2025-06-24T21:20:18","slug":"mono-de-novia-liso-c-x-1-u-crema","status":"publish","type":"product","link":"https:\/\/www.ballou.com.ar\/?product=mono-de-novia-liso-c-x-1-u-crema","title":{"rendered":"MO\u00d1O DE NOVIA LISO C X 1 U. &#8211; CREMA"},"content":{"rendered":"<p>MO\u00d1O DE NOVIA LISO C X 1 U. &#8211; CREMA","protected":false},"excerpt":{"rendered":"<p>MO\u00d1O DE NOVIA LISO C X 1 U. &#8211; CREMA<\/p>\n","protected":false},"featured_media":23071,"template":"","meta":{"_joinchat":[]},"product_brand":[],"product_cat":[304,279,301],"product_tag":[],"class_list":{"0":"post-20366","1":"product","2":"type-product","3":"status-publish","4":"has-post-thumbnail","6":"product_cat-liso-c","7":"product_cat-mono","8":"product_cat-novia","10":"first","11":"instock","12":"purchasable","13":"product-type-simple"},"_links":{"self":[{"href":"https:\/\/www.ballou.com.ar\/index.php?rest_route=\/wp\/v2\/product\/20366","targetHints":{"allow":["GET"]}}],"collection":[{"href":"https:\/\/www.ballou.com.ar\/index.php?rest_route=\/wp\/v2\/product"}],"about":[{"href":"https:\/\/www.ballou.com.ar\/index.php?rest_route=\/wp\/v2\/types\/product"}],"wp:featuredmedia":[{"embeddable":true,"href":"https:\/\/www.ballou.com.ar\/index.php?rest_route=\/wp\/v2\/media\/23071"}],"wp:attachment":[{"href":"https:\/\/www.ballou.com.ar\/index.php?rest_route=%2Fwp%2Fv2%2Fmedia&parent=20366"}],"wp:term":[{"taxonomy":"product_brand","embeddable":true,"href":"https:\/\/www.ballou.com.ar\/index.php?rest_route=%2Fwp%2Fv2%2Fproduct_brand&post=20366"},{"taxonomy":"product_cat","embeddable":true,"href":"https:\/\/www.ballou.com.ar\/index.php?rest_route=%2Fwp%2Fv2%2Fproduct_cat&post=20366"},{"taxonomy":"product_tag","embeddable":true,"href":"https:\/\/www.ballou.com.ar\/index.php?rest_route=%2Fwp%2Fv2%2Fproduct_tag&post=20366"}],"curies":[{"name":"wp","href":"https:\/\/api.w.org\/{rel}","templated":true}]}}