{"id":20341,"date":"2025-09-09T14:13:50","date_gmt":"2025-09-09T17:13:50","guid":{"rendered":"http:\/\/www.ballou.com.ar\/?product=mono-de-novia-liso-b-x-1-u-crema"},"modified":"2025-09-09T14:13:57","modified_gmt":"2025-09-09T17:13:57","slug":"mono-de-novia-liso-b-x-1-u-crema","status":"publish","type":"product","link":"https:\/\/www.ballou.com.ar\/?product=mono-de-novia-liso-b-x-1-u-crema","title":{"rendered":"MO\u00d1O DE NOVIA LISO B X 1 U. &#8211; CREMA"},"content":{"rendered":"<p>MO\u00d1O DE NOVIA LISO B X 1 U. &#8211; CREMA","protected":false},"excerpt":{"rendered":"<p>MO\u00d1O DE NOVIA LISO B X 1 U. &#8211; CREMA<\/p>\n","protected":false},"featured_media":23047,"template":"","meta":{"_joinchat":[]},"product_brand":[],"product_cat":[517,516,513],"product_tag":[],"class_list":{"0":"post-20341","1":"product","2":"type-product","3":"status-publish","4":"has-post-thumbnail","6":"product_cat-english-small","7":"product_cat-liso-mono-novia","8":"product_cat-mono-novia","10":"first","11":"instock","12":"purchasable","13":"product-type-simple"},"_links":{"self":[{"href":"https:\/\/www.ballou.com.ar\/index.php?rest_route=\/wp\/v2\/product\/20341","targetHints":{"allow":["GET"]}}],"collection":[{"href":"https:\/\/www.ballou.com.ar\/index.php?rest_route=\/wp\/v2\/product"}],"about":[{"href":"https:\/\/www.ballou.com.ar\/index.php?rest_route=\/wp\/v2\/types\/product"}],"wp:featuredmedia":[{"embeddable":true,"href":"https:\/\/www.ballou.com.ar\/index.php?rest_route=\/wp\/v2\/media\/23047"}],"wp:attachment":[{"href":"https:\/\/www.ballou.com.ar\/index.php?rest_route=%2Fwp%2Fv2%2Fmedia&parent=20341"}],"wp:term":[{"taxonomy":"product_brand","embeddable":true,"href":"https:\/\/www.ballou.com.ar\/index.php?rest_route=%2Fwp%2Fv2%2Fproduct_brand&post=20341"},{"taxonomy":"product_cat","embeddable":true,"href":"https:\/\/www.ballou.com.ar\/index.php?rest_route=%2Fwp%2Fv2%2Fproduct_cat&post=20341"},{"taxonomy":"product_tag","embeddable":true,"href":"https:\/\/www.ballou.com.ar\/index.php?rest_route=%2Fwp%2Fv2%2Fproduct_tag&post=20341"}],"curies":[{"name":"wp","href":"https:\/\/api.w.org\/{rel}","templated":true}]}}