{"id":20301,"date":"2025-09-09T14:13:34","date_gmt":"2025-09-09T17:13:34","guid":{"rendered":"http:\/\/www.ballou.com.ar\/?product=mono-chico-liso-bolsa-x-200-u-crema-paq-x-15u"},"modified":"2025-09-09T14:13:38","modified_gmt":"2025-09-09T17:13:38","slug":"mono-chico-liso-bolsa-x-200-u-crema","status":"publish","type":"product","link":"https:\/\/www.ballou.com.ar\/?product=mono-chico-liso-bolsa-x-200-u-crema","title":{"rendered":"MO\u00d1O CHICO LISO BOLSA X 200 U. -CREMA"},"content":{"rendered":"<p>MO\u00d1O CHICO LISO BOLSA X 200 U. -CREMA","protected":false},"excerpt":{"rendered":"<p>MO\u00d1O CHICO LISO BOLSA X 200 U. -CREMA<\/p>\n","protected":false},"featured_media":23015,"template":"","meta":{"_joinchat":[]},"product_brand":[],"product_cat":[296,289,279,299],"product_tag":[],"class_list":{"0":"post-20301","1":"product","2":"type-product","3":"status-publish","4":"has-post-thumbnail","6":"product_cat-chico-estrella-liso","7":"product_cat-estrella-liso","8":"product_cat-mono","9":"product_cat-x-200-u-chico-estrella-liso","11":"first","12":"instock","13":"purchasable","14":"product-type-simple"},"_links":{"self":[{"href":"https:\/\/www.ballou.com.ar\/index.php?rest_route=\/wp\/v2\/product\/20301","targetHints":{"allow":["GET"]}}],"collection":[{"href":"https:\/\/www.ballou.com.ar\/index.php?rest_route=\/wp\/v2\/product"}],"about":[{"href":"https:\/\/www.ballou.com.ar\/index.php?rest_route=\/wp\/v2\/types\/product"}],"wp:featuredmedia":[{"embeddable":true,"href":"https:\/\/www.ballou.com.ar\/index.php?rest_route=\/wp\/v2\/media\/23015"}],"wp:attachment":[{"href":"https:\/\/www.ballou.com.ar\/index.php?rest_route=%2Fwp%2Fv2%2Fmedia&parent=20301"}],"wp:term":[{"taxonomy":"product_brand","embeddable":true,"href":"https:\/\/www.ballou.com.ar\/index.php?rest_route=%2Fwp%2Fv2%2Fproduct_brand&post=20301"},{"taxonomy":"product_cat","embeddable":true,"href":"https:\/\/www.ballou.com.ar\/index.php?rest_route=%2Fwp%2Fv2%2Fproduct_cat&post=20301"},{"taxonomy":"product_tag","embeddable":true,"href":"https:\/\/www.ballou.com.ar\/index.php?rest_route=%2Fwp%2Fv2%2Fproduct_tag&post=20301"}],"curies":[{"name":"wp","href":"https:\/\/api.w.org\/{rel}","templated":true}]}}