{"id":20099,"date":"2025-09-09T14:11:43","date_gmt":"2025-09-09T17:11:43","guid":{"rendered":"http:\/\/www.ballou.com.ar\/?product=mono-med-lame-pote-x-20-u-fucsia-paq-x-10u"},"modified":"2025-09-09T14:11:48","modified_gmt":"2025-09-09T17:11:48","slug":"mono-med-lame-pote-x-20-u-fucsia","status":"publish","type":"product","link":"https:\/\/www.ballou.com.ar\/?product=mono-med-lame-pote-x-20-u-fucsia","title":{"rendered":"MO\u00d1O MED LAME POTE X 20 U. &#8211; FUCSIA"},"content":{"rendered":"<p>MO\u00d1O MED LAME POTE X 20 U. &#8211; FUCSIA","protected":false},"excerpt":{"rendered":"<p>MO\u00d1O MED LAME POTE X 20 U. &#8211; FUCSIA<\/p>\n","protected":false},"featured_media":22832,"template":"","meta":{"_joinchat":[]},"product_brand":[],"product_cat":[280,281,279,286],"product_tag":[],"class_list":{"0":"post-20099","1":"product","2":"type-product","3":"status-publish","4":"has-post-thumbnail","6":"product_cat-estrella-lame","7":"product_cat-med","8":"product_cat-mono","9":"product_cat-x-20-u","11":"first","12":"instock","13":"purchasable","14":"product-type-simple"},"_links":{"self":[{"href":"https:\/\/www.ballou.com.ar\/index.php?rest_route=\/wp\/v2\/product\/20099","targetHints":{"allow":["GET"]}}],"collection":[{"href":"https:\/\/www.ballou.com.ar\/index.php?rest_route=\/wp\/v2\/product"}],"about":[{"href":"https:\/\/www.ballou.com.ar\/index.php?rest_route=\/wp\/v2\/types\/product"}],"wp:featuredmedia":[{"embeddable":true,"href":"https:\/\/www.ballou.com.ar\/index.php?rest_route=\/wp\/v2\/media\/22832"}],"wp:attachment":[{"href":"https:\/\/www.ballou.com.ar\/index.php?rest_route=%2Fwp%2Fv2%2Fmedia&parent=20099"}],"wp:term":[{"taxonomy":"product_brand","embeddable":true,"href":"https:\/\/www.ballou.com.ar\/index.php?rest_route=%2Fwp%2Fv2%2Fproduct_brand&post=20099"},{"taxonomy":"product_cat","embeddable":true,"href":"https:\/\/www.ballou.com.ar\/index.php?rest_route=%2Fwp%2Fv2%2Fproduct_cat&post=20099"},{"taxonomy":"product_tag","embeddable":true,"href":"https:\/\/www.ballou.com.ar\/index.php?rest_route=%2Fwp%2Fv2%2Fproduct_tag&post=20099"}],"curies":[{"name":"wp","href":"https:\/\/api.w.org\/{rel}","templated":true}]}}