{"id":8713,"date":"2019-06-14T10:14:35","date_gmt":"2019-06-14T13:14:35","guid":{"rendered":"http:\/\/www.ballou.com.ar\/?page_id=8713"},"modified":"2025-07-13T16:41:02","modified_gmt":"2025-07-13T19:41:02","slug":"inicio","status":"publish","type":"page","link":"https:\/\/www.ballou.com.ar\/","title":{"rendered":"Inicio\/Home"},"content":{"rendered":"<h3 class=\"wp-block-heading\" data-start=\"51\" data-end=\"76\">\u00a1Bienvenido a Ballou!<\/h3>\r\n<p data-start=\"78\" data-end=\"391\">En <strong data-start=\"81\" data-end=\"91\">Ballou<\/strong>, llevamos color, elegancia y alegr\u00eda a tus celebraciones y empaques. Con d\u00e9cadas de experiencia en la industria, nos especializamos en el dise\u00f1o y fabricaci\u00f3n de <strong data-start=\"254\" data-end=\"293\">cintas, mo\u00f1os y papeles decorativos<\/strong> que realzan cualquier ocasi\u00f3n: desde regalos y fiestas hasta exhibidores comerciales y mucho m\u00e1s.<\/p>\r\n<p data-start=\"393\" data-end=\"488\">Explor\u00e1 nuestra amplia variedad de productos, elaborados con calidad, creatividad y dedicaci\u00f3n.<\/p>\r\n<h5 data-start=\"495\" data-end=\"512\">Contactanos<\/h5>\r\n<p data-start=\"513\" data-end=\"585\">\ud83d\udce7\u00a0<a class=\"cursor-pointer\" rel=\"noopener\" data-start=\"527\" data-end=\"547\">ventas@ballou.com.ar<\/a><br data-start=\"547\" data-end=\"550\" \/><img loading=\"lazy\" decoding=\"async\" class=\"\" src=\"https:\/\/upload.wikimedia.org\/wikipedia\/commons\/thumb\/6\/6b\/WhatsApp.svg\/512px-WhatsApp.svg.png\" alt=\"File:WhatsApp.svg - Wikimedia Commons\" width=\"19\" height=\"19\" \/>+54 9 11 3060-3260<\/p>\r\n<p data-start=\"587\" data-end=\"651\"><strong data-start=\"587\" data-end=\"622\">Envolvamos tu mundo con estilo.<\/strong><br data-start=\"622\" data-end=\"625\" \/>Gracias por elegir Ballou.<\/p>\r\n<p>&nbsp;<\/p>\r\n\r\n<p>&nbsp;<\/p>\r\n\r\n<p>&nbsp;<\/p>","protected":false},"excerpt":{"rendered":"<p>\u00a1Bienvenido a Ballou! En Ballou, llevamos color, elegancia y alegr\u00eda a tus celebraciones y empaques. Con d\u00e9cadas de experiencia en la industria, nos especializamos en el dise\u00f1o y fabricaci\u00f3n de cintas, mo\u00f1os y papeles&#46;&#46;&#46;<\/p>\n","protected":false},"author":925,"featured_media":0,"parent":0,"menu_order":0,"comment_status":"closed","ping_status":"closed","template":"","meta":{"_joinchat":[],"footnotes":""},"class_list":["post-8713","page","type-page","status-publish","hentry"],"yoast_head":"<!-- This site is optimized with the Yoast SEO plugin v27.5 - https:\/\/yoast.com\/product\/yoast-seo-wordpress\/ -->\n<title>Inicio\/Home - Ballou<\/title>\n<meta name=\"robots\" content=\"index, follow, max-snippet:-1, max-image-preview:large, max-video-preview:-1\" \/>\n<link rel=\"canonical\" href=\"https:\/\/www.ballou.com.ar\/\" \/>\n<meta property=\"og:locale\" content=\"es_ES\" \/>\n<meta property=\"og:type\" content=\"article\" \/>\n<meta property=\"og:title\" content=\"Inicio\/Home - Ballou\" \/>\n<meta property=\"og:description\" content=\"\u00a1Bienvenido a Ballou! En Ballou, llevamos color, elegancia y alegr\u00eda a tus celebraciones y empaques. Con d\u00e9cadas de experiencia en la industria, nos especializamos en el dise\u00f1o y fabricaci\u00f3n de cintas, mo\u00f1os y papeles&#046;&#046;&#046;\" \/>\n<meta property=\"og:url\" content=\"https:\/\/www.ballou.com.ar\/\" \/>\n<meta property=\"og:site_name\" content=\"Ballou\" \/>\n<meta property=\"article:modified_time\" content=\"2025-07-13T19:41:02+00:00\" \/>\n<meta property=\"og:image\" content=\"https:\/\/upload.wikimedia.org\/wikipedia\/commons\/thumb\/6\/6b\/WhatsApp.svg\/512px-WhatsApp.svg.png\" \/>\n<meta name=\"twitter:card\" content=\"summary_large_image\" \/>\n<meta name=\"twitter:label1\" content=\"Tiempo de lectura\" \/>\n\t<meta name=\"twitter:data1\" content=\"1 minuto\" \/>\n<script type=\"application\/ld+json\" class=\"yoast-schema-graph\">{\"@context\":\"https:\\\/\\\/schema.org\",\"@graph\":[{\"@type\":\"WebPage\",\"@id\":\"https:\\\/\\\/www.ballou.com.ar\\\/\",\"url\":\"https:\\\/\\\/www.ballou.com.ar\\\/\",\"name\":\"Inicio\\\/Home - Ballou\",\"isPartOf\":{\"@id\":\"https:\\\/\\\/www.ballou.com.ar\\\/#website\"},\"primaryImageOfPage\":{\"@id\":\"https:\\\/\\\/www.ballou.com.ar\\\/#primaryimage\"},\"image\":{\"@id\":\"https:\\\/\\\/www.ballou.com.ar\\\/#primaryimage\"},\"thumbnailUrl\":\"https:\\\/\\\/upload.wikimedia.org\\\/wikipedia\\\/commons\\\/thumb\\\/6\\\/6b\\\/WhatsApp.svg\\\/512px-WhatsApp.svg.png\",\"datePublished\":\"2019-06-14T13:14:35+00:00\",\"dateModified\":\"2025-07-13T19:41:02+00:00\",\"breadcrumb\":{\"@id\":\"https:\\\/\\\/www.ballou.com.ar\\\/#breadcrumb\"},\"inLanguage\":\"es\",\"potentialAction\":[{\"@type\":\"ReadAction\",\"target\":[\"https:\\\/\\\/www.ballou.com.ar\\\/\"]}]},{\"@type\":\"ImageObject\",\"inLanguage\":\"es\",\"@id\":\"https:\\\/\\\/www.ballou.com.ar\\\/#primaryimage\",\"url\":\"https:\\\/\\\/upload.wikimedia.org\\\/wikipedia\\\/commons\\\/thumb\\\/6\\\/6b\\\/WhatsApp.svg\\\/512px-WhatsApp.svg.png\",\"contentUrl\":\"https:\\\/\\\/upload.wikimedia.org\\\/wikipedia\\\/commons\\\/thumb\\\/6\\\/6b\\\/WhatsApp.svg\\\/512px-WhatsApp.svg.png\"},{\"@type\":\"BreadcrumbList\",\"@id\":\"https:\\\/\\\/www.ballou.com.ar\\\/#breadcrumb\",\"itemListElement\":[{\"@type\":\"ListItem\",\"position\":1,\"name\":\"Portada\",\"item\":\"https:\\\/\\\/www.ballou.com.ar\\\/\"},{\"@type\":\"ListItem\",\"position\":2,\"name\":\"Inicio\\\/Home\"}]},{\"@type\":\"WebSite\",\"@id\":\"https:\\\/\\\/www.ballou.com.ar\\\/#website\",\"url\":\"https:\\\/\\\/www.ballou.com.ar\\\/\",\"name\":\"Ballou\",\"description\":\"Deco Novelty SA.\",\"potentialAction\":[{\"@type\":\"SearchAction\",\"target\":{\"@type\":\"EntryPoint\",\"urlTemplate\":\"https:\\\/\\\/www.ballou.com.ar\\\/?s={search_term_string}\"},\"query-input\":{\"@type\":\"PropertyValueSpecification\",\"valueRequired\":true,\"valueName\":\"search_term_string\"}}],\"inLanguage\":\"es\"}]}<\/script>\n<!-- \/ Yoast SEO plugin. -->","yoast_head_json":{"title":"Inicio\/Home - Ballou","robots":{"index":"index","follow":"follow","max-snippet":"max-snippet:-1","max-image-preview":"max-image-preview:large","max-video-preview":"max-video-preview:-1"},"canonical":"https:\/\/www.ballou.com.ar\/","og_locale":"es_ES","og_type":"article","og_title":"Inicio\/Home - Ballou","og_description":"\u00a1Bienvenido a Ballou! En Ballou, llevamos color, elegancia y alegr\u00eda a tus celebraciones y empaques. Con d\u00e9cadas de experiencia en la industria, nos especializamos en el dise\u00f1o y fabricaci\u00f3n de cintas, mo\u00f1os y papeles&#46;&#46;&#46;","og_url":"https:\/\/www.ballou.com.ar\/","og_site_name":"Ballou","article_modified_time":"2025-07-13T19:41:02+00:00","og_image":[{"url":"https:\/\/upload.wikimedia.org\/wikipedia\/commons\/thumb\/6\/6b\/WhatsApp.svg\/512px-WhatsApp.svg.png","type":"","width":"","height":""}],"twitter_card":"summary_large_image","twitter_misc":{"Tiempo de lectura":"1 minuto"},"schema":{"@context":"https:\/\/schema.org","@graph":[{"@type":"WebPage","@id":"https:\/\/www.ballou.com.ar\/","url":"https:\/\/www.ballou.com.ar\/","name":"Inicio\/Home - Ballou","isPartOf":{"@id":"https:\/\/www.ballou.com.ar\/#website"},"primaryImageOfPage":{"@id":"https:\/\/www.ballou.com.ar\/#primaryimage"},"image":{"@id":"https:\/\/www.ballou.com.ar\/#primaryimage"},"thumbnailUrl":"https:\/\/upload.wikimedia.org\/wikipedia\/commons\/thumb\/6\/6b\/WhatsApp.svg\/512px-WhatsApp.svg.png","datePublished":"2019-06-14T13:14:35+00:00","dateModified":"2025-07-13T19:41:02+00:00","breadcrumb":{"@id":"https:\/\/www.ballou.com.ar\/#breadcrumb"},"inLanguage":"es","potentialAction":[{"@type":"ReadAction","target":["https:\/\/www.ballou.com.ar\/"]}]},{"@type":"ImageObject","inLanguage":"es","@id":"https:\/\/www.ballou.com.ar\/#primaryimage","url":"https:\/\/upload.wikimedia.org\/wikipedia\/commons\/thumb\/6\/6b\/WhatsApp.svg\/512px-WhatsApp.svg.png","contentUrl":"https:\/\/upload.wikimedia.org\/wikipedia\/commons\/thumb\/6\/6b\/WhatsApp.svg\/512px-WhatsApp.svg.png"},{"@type":"BreadcrumbList","@id":"https:\/\/www.ballou.com.ar\/#breadcrumb","itemListElement":[{"@type":"ListItem","position":1,"name":"Portada","item":"https:\/\/www.ballou.com.ar\/"},{"@type":"ListItem","position":2,"name":"Inicio\/Home"}]},{"@type":"WebSite","@id":"https:\/\/www.ballou.com.ar\/#website","url":"https:\/\/www.ballou.com.ar\/","name":"Ballou","description":"Deco Novelty SA.","potentialAction":[{"@type":"SearchAction","target":{"@type":"EntryPoint","urlTemplate":"https:\/\/www.ballou.com.ar\/?s={search_term_string}"},"query-input":{"@type":"PropertyValueSpecification","valueRequired":true,"valueName":"search_term_string"}}],"inLanguage":"es"}]}},"_links":{"self":[{"href":"https:\/\/www.ballou.com.ar\/index.php?rest_route=\/wp\/v2\/pages\/8713","targetHints":{"allow":["GET"]}}],"collection":[{"href":"https:\/\/www.ballou.com.ar\/index.php?rest_route=\/wp\/v2\/pages"}],"about":[{"href":"https:\/\/www.ballou.com.ar\/index.php?rest_route=\/wp\/v2\/types\/page"}],"author":[{"embeddable":true,"href":"https:\/\/www.ballou.com.ar\/index.php?rest_route=\/wp\/v2\/users\/925"}],"replies":[{"embeddable":true,"href":"https:\/\/www.ballou.com.ar\/index.php?rest_route=%2Fwp%2Fv2%2Fcomments&post=8713"}],"version-history":[{"count":0,"href":"https:\/\/www.ballou.com.ar\/index.php?rest_route=\/wp\/v2\/pages\/8713\/revisions"}],"wp:attachment":[{"href":"https:\/\/www.ballou.com.ar\/index.php?rest_route=%2Fwp%2Fv2%2Fmedia&parent=8713"}],"curies":[{"name":"wp","href":"https:\/\/api.w.org\/{rel}","templated":true}]}}